{"id":369,"date":"2026-02-18T10:15:19","date_gmt":"2026-02-18T09:15:19","guid":{"rendered":"https:\/\/egmcodonyers.com\/?page_id=369"},"modified":"2026-02-18T10:38:10","modified_gmt":"2026-02-18T09:38:10","slug":"coche-compartido","status":"publish","type":"page","link":"https:\/\/egmcodonyers.com\/va\/coche-compartido\/","title":{"rendered":"Coche Compartido"},"content":{"rendered":"<div data-elementor-type=\"wp-page\" data-elementor-id=\"369\" class=\"elementor elementor-369\">\n\t\t\t\t<div class=\"elementor-element elementor-element-735f9e6 e-flex e-con-boxed e-con e-parent\" data-id=\"735f9e6\" data-element_type=\"container\" data-e-type=\"container\">\n\t\t\t\t\t<div class=\"e-con-inner\">\n\t\t\t\t<div class=\"elementor-element elementor-element-828c134 elementor-widget elementor-widget-html\" data-id=\"828c134\" data-element_type=\"widget\" data-e-type=\"widget\" data-widget_type=\"html.default\">\n\t\t\t\t\t\r\n<iframe style=\"width:100%; height:100vh; border:none;\"  src=\"https:\/\/www.lokinn.com\/compartir-coche\/egm-codonyers\"><\/iframe>\r\n\t\t\t\t<\/div>\n\t\t\t\t\t<\/div>\n\t\t\t\t<\/div>\n\t\t<div class=\"elementor-element elementor-element-5ac30779 e-flex e-con-boxed e-con e-parent\" data-id=\"5ac30779\" data-element_type=\"container\" data-e-type=\"container\">\n\t\t\t\t\t<div class=\"e-con-inner\">\n\t\t\t\t\t<\/div>\n\t\t\t\t<\/div>\n\t\t<div class=\"elementor-element elementor-element-1ce9fb8c e-con-full e-flex e-con e-parent\" data-id=\"1ce9fb8c\" data-element_type=\"container\" data-e-type=\"container\">\n\t\t<div class=\"elementor-element elementor-element-12db94de e-con-full e-flex e-con e-child\" data-id=\"12db94de\" data-element_type=\"container\" data-e-type=\"container\">\n\t\t\t\t<div class=\"elementor-element elementor-element-455900d9 elementor-widget elementor-widget-image\" data-id=\"455900d9\" data-element_type=\"widget\" data-e-type=\"widget\" data-widget_type=\"image.default\">\n\t\t\t\t\t\t\t\t\t\t\t\t\t\t\t<img decoding=\"async\" width=\"300\" height=\"73\" src=\"https:\/\/egmcodonyers.com\/wp-content\/uploads\/2026\/02\/logo_whiteAll_TR-300x73.png\" class=\"attachment-medium size-medium wp-image-392\" alt=\"\" srcset=\"https:\/\/egmcodonyers.com\/wp-content\/uploads\/2026\/02\/logo_whiteAll_TR-300x73.png 300w, https:\/\/egmcodonyers.com\/wp-content\/uploads\/2026\/02\/logo_whiteAll_TR-1024x249.png 1024w, https:\/\/egmcodonyers.com\/wp-content\/uploads\/2026\/02\/logo_whiteAll_TR-768x187.png 768w, https:\/\/egmcodonyers.com\/wp-content\/uploads\/2026\/02\/logo_whiteAll_TR-1536x374.png 1536w, https:\/\/egmcodonyers.com\/wp-content\/uploads\/2026\/02\/logo_whiteAll_TR-18x4.png 18w, https:\/\/egmcodonyers.com\/wp-content\/uploads\/2026\/02\/logo_whiteAll_TR.png 1788w\" sizes=\"(max-width: 300px) 100vw, 300px\" \/>\t\t\t\t\t\t\t\t\t\t\t\t\t\t\t<\/div>\n\t\t\t\t<div class=\"elementor-element elementor-element-4eacea7e elementor-widget elementor-widget-text-editor\" data-id=\"4eacea7e\" data-element_type=\"widget\" data-e-type=\"widget\" data-widget_type=\"text-editor.default\">\n\t\t\t\t\t\t\t\t\t<p>Pol\u00edgon Canyada de Codonyers<\/p>\n<p>46220 Picassent (Valencia)<\/p>\t\t\t\t\t\t\t\t<\/div>\n\t\t\t\t<\/div>\n\t\t<div class=\"elementor-element elementor-element-45cae5c3 e-con-full e-flex e-con e-child\" data-id=\"45cae5c3\" data-element_type=\"container\" data-e-type=\"container\">\n\t\t<div class=\"elementor-element elementor-element-4026945c e-con-full e-flex e-con e-child\" data-id=\"4026945c\" data-element_type=\"container\" data-e-type=\"container\">\n\t\t\t\t<div class=\"elementor-element elementor-element-3f26a3c3 elementor-widget elementor-widget-heading\" data-id=\"3f26a3c3\" data-element_type=\"widget\" data-e-type=\"widget\" data-widget_type=\"heading.default\">\n\t\t\t\t\t<h2 class=\"elementor-heading-title elementor-size-default\">LEGAL<\/h2>\t\t\t\t<\/div>\n\t\t\t\t<div class=\"elementor-element elementor-element-7ef8db88 elementor-align-start elementor-list-item-link-full_width elementor-widget elementor-widget-icon-list\" data-id=\"7ef8db88\" data-element_type=\"widget\" data-e-type=\"widget\" data-widget_type=\"icon-list.default\">\n\t\t\t\t\t\t\t<ul class=\"elementor-icon-list-items\">\n\t\t\t\t\t\t\t<li class=\"elementor-icon-list-item\">\n\t\t\t\t\t\t\t\t\t\t\t<a href=\"https:\/\/egmcodonyers.com\/va\/aviso-legal\/\">\n\n\t\t\t\t\t\t\t\t\t\t\t<span class=\"elementor-icon-list-text\">Av\u00eds Legal<\/span>\n\t\t\t\t\t\t\t\t\t\t\t<\/a>\n\t\t\t\t\t\t\t\t\t<\/li>\n\t\t\t\t\t\t\t\t<li class=\"elementor-icon-list-item\">\n\t\t\t\t\t\t\t\t\t\t\t<a href=\"https:\/\/egmcodonyers.com\/va\/politica-de-cookies\/\">\n\n\t\t\t\t\t\t\t\t\t\t\t<span class=\"elementor-icon-list-text\">Pol\u00edtica de Cookies<\/span>\n\t\t\t\t\t\t\t\t\t\t\t<\/a>\n\t\t\t\t\t\t\t\t\t<\/li>\n\t\t\t\t\t\t\t\t<li class=\"elementor-icon-list-item\">\n\t\t\t\t\t\t\t\t\t\t\t<a href=\"https:\/\/egmcodonyers.com\/va\/politica-de-privacidad\/\">\n\n\t\t\t\t\t\t\t\t\t\t\t<span class=\"elementor-icon-list-text\">Pol\u00edtica de Privacitat<\/span>\n\t\t\t\t\t\t\t\t\t\t\t<\/a>\n\t\t\t\t\t\t\t\t\t<\/li>\n\t\t\t\t\t\t\t\t<li class=\"elementor-icon-list-item\">\n\t\t\t\t\t\t\t\t\t\t\t<a href=\"https:\/\/egmcodonyers.com\/va\/politica-de-proteccion-de-datos\/\">\n\n\t\t\t\t\t\t\t\t\t\t\t<span class=\"elementor-icon-list-text\">Pol\u00edtica de Protecci\u00f3 de Dades<\/span>\n\t\t\t\t\t\t\t\t\t\t\t<\/a>\n\t\t\t\t\t\t\t\t\t<\/li>\n\t\t\t\t\t\t<\/ul>\n\t\t\t\t\t\t<\/div>\n\t\t\t\t<\/div>\n\t\t\t\t<\/div>\n\t\t<div class=\"elementor-element elementor-element-3e9819ff e-con-full e-flex e-con e-child\" data-id=\"3e9819ff\" data-element_type=\"container\" data-e-type=\"container\">\n\t\t\t\t<div class=\"elementor-element elementor-element-f438d04 elementor-widget elementor-widget-heading\" data-id=\"f438d04\" data-element_type=\"widget\" data-e-type=\"widget\" data-widget_type=\"heading.default\">\n\t\t\t\t\t<p class=\"elementor-heading-title elementor-size-default\"><a href=\"https:\/\/yottadesarrollos.com\/\" target=\"_blank\" rel=\"nofollow\">\u00a92026 desenrotllat per Yotta Desenrotllaments Tecnol\u00f2gics S.L.\n<\/a><\/p>\t\t\t\t<\/div>\n\t\t\t\t<\/div>\n\t\t\t\t<\/div>\n\t\t\t\t<\/div>","protected":false},"excerpt":{"rendered":"<p>Pol\u00edgono Industrial Ca\u00f1ada de Codonyers 46220 Picassent (Valencia) LEGAL Aviso Legal Pol\u00edtica de Cookies Pol\u00edtica de Privacidad Pol\u00edtica de Protecci\u00f3n de Datos \u00a92026 desarrollado por Yotta Desarrollos Tecnol\u00f3gicos S.L.<\/p>","protected":false},"author":1,"featured_media":0,"parent":0,"menu_order":0,"comment_status":"closed","ping_status":"closed","template":"","meta":{"footnotes":""},"class_list":["post-369","page","type-page","status-publish","hentry"],"_links":{"self":[{"href":"https:\/\/egmcodonyers.com\/va\/wp-json\/wp\/v2\/pages\/369","targetHints":{"allow":["GET"]}}],"collection":[{"href":"https:\/\/egmcodonyers.com\/va\/wp-json\/wp\/v2\/pages"}],"about":[{"href":"https:\/\/egmcodonyers.com\/va\/wp-json\/wp\/v2\/types\/page"}],"author":[{"embeddable":true,"href":"https:\/\/egmcodonyers.com\/va\/wp-json\/wp\/v2\/users\/1"}],"replies":[{"embeddable":true,"href":"https:\/\/egmcodonyers.com\/va\/wp-json\/wp\/v2\/comments?post=369"}],"version-history":[{"count":10,"href":"https:\/\/egmcodonyers.com\/va\/wp-json\/wp\/v2\/pages\/369\/revisions"}],"predecessor-version":[{"id":398,"href":"https:\/\/egmcodonyers.com\/va\/wp-json\/wp\/v2\/pages\/369\/revisions\/398"}],"wp:attachment":[{"href":"https:\/\/egmcodonyers.com\/va\/wp-json\/wp\/v2\/media?parent=369"}],"curies":[{"name":"wp","href":"https:\/\/api.w.org\/{rel}","templated":true}]}}