{"id":364,"date":"2026-02-18T10:13:23","date_gmt":"2026-02-18T09:13:23","guid":{"rendered":"https:\/\/egmcodonyers.com\/?page_id=364"},"modified":"2026-02-18T10:38:20","modified_gmt":"2026-02-18T09:38:20","slug":"listado-empresas","status":"publish","type":"page","link":"https:\/\/egmcodonyers.com\/va\/listado-empresas\/","title":{"rendered":"Listado Empresas"},"content":{"rendered":"<div data-elementor-type=\"wp-page\" data-elementor-id=\"364\" class=\"elementor elementor-364\">\n\t\t\t\t<div class=\"elementor-element elementor-element-fe5cdf6 e-flex e-con-boxed e-con e-parent\" data-id=\"fe5cdf6\" data-element_type=\"container\" data-e-type=\"container\">\n\t\t\t\t\t<div class=\"e-con-inner\">\n\t\t\t\t<div class=\"elementor-element elementor-element-cb83309 elementor-widget elementor-widget-heading\" data-id=\"cb83309\" data-element_type=\"widget\" data-e-type=\"widget\" data-widget_type=\"heading.default\">\n\t\t\t\t\t<h2 class=\"elementor-heading-title elementor-size-default\">DIRECTORIO DE EMPRESAS<\/h2>\t\t\t\t<\/div>\n\t\t\t\t\t<\/div>\n\t\t\t\t<\/div>\n\t\t<div class=\"elementor-element elementor-element-9f0357b e-flex e-con-boxed e-con e-parent\" data-id=\"9f0357b\" data-element_type=\"container\" data-e-type=\"container\">\n\t\t\t\t\t<div class=\"e-con-inner\">\n\t\t\t\t<div class=\"elementor-element elementor-element-16cfbd5 elementor-widget elementor-widget-html\" data-id=\"16cfbd5\" data-element_type=\"widget\" data-e-type=\"widget\" data-widget_type=\"html.default\">\n\t\t\t\t\t\r\n<iframe style=\"width:100%; height:800px; border:none;\" scrolling=\"no\" src=\"https:\/\/www.lokinn.com\/listado-empresas\/egm-codonyers\"><\/iframe>\r\n\t\t\t\t<\/div>\n\t\t\t\t\t<\/div>\n\t\t\t\t<\/div>\n\t\t<div class=\"elementor-element elementor-element-1c01143 e-flex e-con-boxed e-con e-parent\" data-id=\"1c01143\" data-element_type=\"container\" data-e-type=\"container\">\n\t\t\t\t\t<div class=\"e-con-inner\">\n\t\t\t\t\t<\/div>\n\t\t\t\t<\/div>\n\t\t<div class=\"elementor-element elementor-element-1bf239f0 e-con-full e-flex e-con e-parent\" data-id=\"1bf239f0\" data-element_type=\"container\" data-e-type=\"container\">\n\t\t<div class=\"elementor-element elementor-element-675a55f0 e-con-full e-flex e-con e-child\" data-id=\"675a55f0\" data-element_type=\"container\" data-e-type=\"container\">\n\t\t\t\t<div class=\"elementor-element elementor-element-393c1e51 elementor-widget elementor-widget-image\" data-id=\"393c1e51\" data-element_type=\"widget\" data-e-type=\"widget\" data-widget_type=\"image.default\">\n\t\t\t\t\t\t\t\t\t\t\t\t\t\t\t<img decoding=\"async\" width=\"300\" height=\"73\" src=\"http:\/\/egmcodonyers.com\/wp-content\/uploads\/2026\/02\/logo_whiteAll_TR-300x73.png\" class=\"attachment-medium size-medium wp-image-392\" alt=\"\" srcset=\"http:\/\/egmcodonyers.com\/wp-content\/uploads\/2026\/02\/logo_whiteAll_TR-300x73.png 300w, http:\/\/egmcodonyers.com\/wp-content\/uploads\/2026\/02\/logo_whiteAll_TR-1024x249.png 1024w, http:\/\/egmcodonyers.com\/wp-content\/uploads\/2026\/02\/logo_whiteAll_TR-768x187.png 768w, http:\/\/egmcodonyers.com\/wp-content\/uploads\/2026\/02\/logo_whiteAll_TR-1536x374.png 1536w, http:\/\/egmcodonyers.com\/wp-content\/uploads\/2026\/02\/logo_whiteAll_TR-18x4.png 18w, http:\/\/egmcodonyers.com\/wp-content\/uploads\/2026\/02\/logo_whiteAll_TR.png 1788w\" sizes=\"(max-width: 300px) 100vw, 300px\" \/>\t\t\t\t\t\t\t\t\t\t\t\t\t\t\t<\/div>\n\t\t\t\t<div class=\"elementor-element elementor-element-6afe332a elementor-widget elementor-widget-text-editor\" data-id=\"6afe332a\" data-element_type=\"widget\" data-e-type=\"widget\" data-widget_type=\"text-editor.default\">\n\t\t\t\t\t\t\t\t\t<p>Pol\u00edgon Canyada de Codonyers<\/p>\n<p>46220 Picassent (Valencia)<\/p>\t\t\t\t\t\t\t\t<\/div>\n\t\t\t\t<\/div>\n\t\t<div class=\"elementor-element elementor-element-2d0cd864 e-con-full e-flex e-con e-child\" data-id=\"2d0cd864\" data-element_type=\"container\" data-e-type=\"container\">\n\t\t<div class=\"elementor-element elementor-element-4267ca56 e-con-full e-flex e-con e-child\" data-id=\"4267ca56\" data-element_type=\"container\" data-e-type=\"container\">\n\t\t\t\t<div class=\"elementor-element elementor-element-183fdb89 elementor-widget elementor-widget-heading\" data-id=\"183fdb89\" data-element_type=\"widget\" data-e-type=\"widget\" data-widget_type=\"heading.default\">\n\t\t\t\t\t<h2 class=\"elementor-heading-title elementor-size-default\">LEGAL<\/h2>\t\t\t\t<\/div>\n\t\t\t\t<div class=\"elementor-element elementor-element-175c5d85 elementor-align-start elementor-list-item-link-full_width elementor-widget elementor-widget-icon-list\" data-id=\"175c5d85\" data-element_type=\"widget\" data-e-type=\"widget\" data-widget_type=\"icon-list.default\">\n\t\t\t\t\t\t\t<ul class=\"elementor-icon-list-items\">\n\t\t\t\t\t\t\t<li class=\"elementor-icon-list-item\">\n\t\t\t\t\t\t\t\t\t\t\t<a href=\"https:\/\/egmcodonyers.com\/va\/aviso-legal\/\">\n\n\t\t\t\t\t\t\t\t\t\t\t<span class=\"elementor-icon-list-text\">Av\u00eds Legal<\/span>\n\t\t\t\t\t\t\t\t\t\t\t<\/a>\n\t\t\t\t\t\t\t\t\t<\/li>\n\t\t\t\t\t\t\t\t<li class=\"elementor-icon-list-item\">\n\t\t\t\t\t\t\t\t\t\t\t<a href=\"https:\/\/egmcodonyers.com\/va\/politica-de-cookies\/\">\n\n\t\t\t\t\t\t\t\t\t\t\t<span class=\"elementor-icon-list-text\">Pol\u00edtica de Cookies<\/span>\n\t\t\t\t\t\t\t\t\t\t\t<\/a>\n\t\t\t\t\t\t\t\t\t<\/li>\n\t\t\t\t\t\t\t\t<li class=\"elementor-icon-list-item\">\n\t\t\t\t\t\t\t\t\t\t\t<a href=\"https:\/\/egmcodonyers.com\/va\/politica-de-privacidad\/\">\n\n\t\t\t\t\t\t\t\t\t\t\t<span class=\"elementor-icon-list-text\">Pol\u00edtica de Privacitat<\/span>\n\t\t\t\t\t\t\t\t\t\t\t<\/a>\n\t\t\t\t\t\t\t\t\t<\/li>\n\t\t\t\t\t\t\t\t<li class=\"elementor-icon-list-item\">\n\t\t\t\t\t\t\t\t\t\t\t<a href=\"https:\/\/egmcodonyers.com\/va\/politica-de-proteccion-de-datos\/\">\n\n\t\t\t\t\t\t\t\t\t\t\t<span class=\"elementor-icon-list-text\">Pol\u00edtica de Protecci\u00f3 de Dades<\/span>\n\t\t\t\t\t\t\t\t\t\t\t<\/a>\n\t\t\t\t\t\t\t\t\t<\/li>\n\t\t\t\t\t\t<\/ul>\n\t\t\t\t\t\t<\/div>\n\t\t\t\t<\/div>\n\t\t\t\t<\/div>\n\t\t<div class=\"elementor-element elementor-element-d008b3b e-con-full e-flex e-con e-child\" data-id=\"d008b3b\" data-element_type=\"container\" data-e-type=\"container\">\n\t\t\t\t<div class=\"elementor-element elementor-element-568be8d0 elementor-widget elementor-widget-heading\" data-id=\"568be8d0\" data-element_type=\"widget\" data-e-type=\"widget\" data-widget_type=\"heading.default\">\n\t\t\t\t\t<p class=\"elementor-heading-title elementor-size-default\"><a href=\"https:\/\/yottadesarrollos.com\/\" target=\"_blank\" rel=\"nofollow\">\u00a92026 desenrotllat per Yotta Desenrotllaments Tecnol\u00f2gics S.L.\n<\/a><\/p>\t\t\t\t<\/div>\n\t\t\t\t<\/div>\n\t\t\t\t<\/div>\n\t\t\t\t<\/div>","protected":false},"excerpt":{"rendered":"<p>DIRECTORIO DE EMPRESAS Pol\u00edgono Industrial Ca\u00f1ada de Codonyers 46220 Picassent (Valencia) LEGAL Aviso Legal Pol\u00edtica de Cookies Pol\u00edtica de Privacidad Pol\u00edtica de Protecci\u00f3n de Datos \u00a92026 desarrollado por Yotta Desarrollos Tecnol\u00f3gicos S.L.<\/p>","protected":false},"author":1,"featured_media":0,"parent":0,"menu_order":0,"comment_status":"closed","ping_status":"closed","template":"","meta":{"footnotes":""},"class_list":["post-364","page","type-page","status-publish","hentry"],"_links":{"self":[{"href":"https:\/\/egmcodonyers.com\/va\/wp-json\/wp\/v2\/pages\/364","targetHints":{"allow":["GET"]}}],"collection":[{"href":"https:\/\/egmcodonyers.com\/va\/wp-json\/wp\/v2\/pages"}],"about":[{"href":"https:\/\/egmcodonyers.com\/va\/wp-json\/wp\/v2\/types\/page"}],"author":[{"embeddable":true,"href":"https:\/\/egmcodonyers.com\/va\/wp-json\/wp\/v2\/users\/1"}],"replies":[{"embeddable":true,"href":"https:\/\/egmcodonyers.com\/va\/wp-json\/wp\/v2\/comments?post=364"}],"version-history":[{"count":7,"href":"https:\/\/egmcodonyers.com\/va\/wp-json\/wp\/v2\/pages\/364\/revisions"}],"predecessor-version":[{"id":401,"href":"https:\/\/egmcodonyers.com\/va\/wp-json\/wp\/v2\/pages\/364\/revisions\/401"}],"wp:attachment":[{"href":"https:\/\/egmcodonyers.com\/va\/wp-json\/wp\/v2\/media?parent=364"}],"curies":[{"name":"wp","href":"https:\/\/api.w.org\/{rel}","templated":true}]}}