{"id":230,"date":"2026-02-17T13:58:25","date_gmt":"2026-02-17T12:58:25","guid":{"rendered":"https:\/\/egmcodonyers.com\/?page_id=230"},"modified":"2026-02-18T12:15:35","modified_gmt":"2026-02-18T11:15:35","slug":"politica-de-proteccion-de-datos","status":"publish","type":"page","link":"https:\/\/egmcodonyers.com\/va\/politica-de-proteccion-de-datos\/","title":{"rendered":"Pol\u00edtica de Protecci\u00f3 de Dades"},"content":{"rendered":"<div data-elementor-type=\"wp-page\" data-elementor-id=\"230\" class=\"elementor elementor-230\">\n\t\t\t\t<div class=\"elementor-element elementor-element-f8dc952 e-flex e-con-boxed e-con e-parent\" data-id=\"f8dc952\" data-element_type=\"container\" data-e-type=\"container\">\n\t\t\t\t\t<div class=\"e-con-inner\">\n\t\t\t\t<div class=\"elementor-element elementor-element-09cac8f elementor-widget elementor-widget-heading\" data-id=\"09cac8f\" data-element_type=\"widget\" data-e-type=\"widget\" data-widget_type=\"heading.default\">\n\t\t\t\t\t<h2 class=\"elementor-heading-title elementor-size-default\">POL\u00cdTICA DE PROTECCI\u00d3 DE DADES<\/h2>\t\t\t\t<\/div>\n\t\t\t\t\t<\/div>\n\t\t\t\t<\/div>\n\t\t<div class=\"elementor-element elementor-element-ae20ca4 e-flex e-con-boxed e-con e-parent\" data-id=\"ae20ca4\" data-element_type=\"container\" data-e-type=\"container\">\n\t\t\t\t\t<div class=\"e-con-inner\">\n\t\t\t\t<div class=\"elementor-element elementor-element-d9f6a17 elementor-widget elementor-widget-text-editor\" data-id=\"d9f6a17\" data-element_type=\"widget\" data-e-type=\"widget\" data-widget_type=\"text-editor.default\">\n\t\t\t\t\t\t\t\t\t<p>La Direcci\u00f3 \/ \u00d2rgan de Govern de <strong data-start=\"240\" data-end=\"304\">ENTITAT DE GESTI\u00d3 I MODERNITZACI\u00d3 CODONYERS (EGM CODONYERS)<\/strong>, d'ara en avant <strong data-start=\"318\" data-end=\"352\">el responsable del tractament<\/strong>, amb domicili en <strong data-start=\"371\" data-end=\"459\">Pol\u00edgon Industrial Codonyers, Carrer 18, 1H PBJ, 46220 Picassent (Val\u00e8ncia), Espanya<\/strong>, amb CIF <strong data-start=\"469\" data-end=\"482\">G75343814<\/strong>, assumix la m\u00e0xima responsabilitat i comprom\u00eds amb l'establiment, implementaci\u00f3 i manteniment de la present <strong data-start=\"599\" data-end=\"634\">Pol\u00edtica de Protecci\u00f3 de Dades<\/strong>, garantint la millora cont\u00ednua del responsable del tractament amb l'objectiu d'aconseguir l'excel\u00b7l\u00e8ncia en relaci\u00f3 amb el compliment del <strong data-start=\"778\" data-end=\"867\">Reglament (UE) 2016\/679 del Parlament Europeu i del Consell, de 27 d'abril de 2016<\/strong>, relatiu a la protecci\u00f3 de les persones f\u00edsiques quant al tractament de dades personals i a la lliure circulaci\u00f3 d'estes dades, i de la normativa espanyola de protecci\u00f3 de dades de car\u00e0cter personal (Llei org\u00e0nica, legislaci\u00f3 sectorial espec\u00edfica i les seues normes de desenrotllament).<\/p><p>La <strong data-start=\"1156\" data-end=\"1191\">Pol\u00edtica de Protecci\u00f3 de Dades<\/strong> de <strong data-start=\"1195\" data-end=\"1212\">EGM CODONYERS<\/strong> descansa en el <strong data-start=\"1228\" data-end=\"1270\">principi de responsabilitat proactiva<\/strong>, segons el qual el responsable del tractament \u00e9s responsable del compliment del marc normatiu i jurisprudencial que governa esta Pol\u00edtica, i \u00e9s capa\u00e7 de demostrar-lo davant les autoritats de control competents.<\/p><p>En tal sentit, el responsable del tractament es regir\u00e0 pels seg\u00fcents principis que han de servir a tot el seu personal com a guia i marc de refer\u00e8ncia en el tractament de dades personals:<\/p><p><b>1<\/b>. <b>Protecci\u00f3 de dades des del disseny:<\/b> el responsable del tractament aplicar\u00e0, tant en el moment de determinar els mitjans de tractament com en el moment del propi tractament, mesures t\u00e8cniques i organitzatives apropiades, com la seudonimizaci\u00f3n, concebudes per a aplicar de manera efectiva els principis de protecci\u00f3 de dades, com la minimitzaci\u00f3 de dades, i integrar les garanties necess\u00e0ries en el tractament.<br \/><b>2<\/b>. <b>Protecci\u00f3 de dades per defecte:<\/b> el responsable del tractament aplicar\u00e0 les mesures t\u00e8cniques i organitzatives apropiades amb la intenci\u00f3 de garantir que, per defecte, nom\u00e9s siguen objecte de tractament les dades personals que siguen necessaris per a cada un dels fins espec\u00edfics del tractament. 3. Protecci\u00f3 de dades en el cicle de vida de la informaci\u00f3: les mesures que garantisquen la protecci\u00f3 de les dades personals seran aplicables durant el cicle complet de la vida de la informaci\u00f3.<br \/><b>3<\/b>. <b>Protecci\u00f3 de dades en el cicle de vida de la informaci\u00f3<\/b>: les mesures que garantisquen la protecci\u00f3 de les dades personals seran aplicables durant el cicle complet de la vida de la informaci\u00f3.<br \/><b>4<\/b>. <b>Licitud, lleialtat i transpar\u00e8ncia<\/b>: los datos personales ser\u00e1n tratados de manera l\u00edcita, leal y transparente en relaci\u00f3n con el interesado.<br \/><b>5. Limitaci\u00f3 de la finalitat<\/b>: les dades personals seran arreplegats amb finalitats determinats, expl\u00edcits i leg\u00edtims, i no seran tractats ulteriorment de manera incompatible amb estos fins.<br \/><b>6. Minimitzaci\u00f3 de dades<\/b>: les dades personals seran adequats, pertinents i limitats al necessari en relaci\u00f3 amb els fins per als quals s\u00f3n tractats.<br \/><b>7. Exactitud<\/b>: les dades personals seran exactes i, si fora necessari, actualitzats; s'adoptaran totes les mesures raonables perqu\u00e8 se suprimisquen o rectifiquen sense dilaci\u00f3 les dades personals que siguen inexactes respecte als fins per als quals es tracten.<br \/><b>8. Limitaci\u00f3 del termini de conservaci\u00f3<\/b>: les dades personals seran mantinguts de manera que es permeta la identificaci\u00f3 dels interessats durant no m\u00e9s temps del necessari per als fins del tractament de les dades personals.<br \/><b>9. Integritat i confidencialitat<\/b>: es dades personals seran tractats de tal manera que es garantisca una seguretat adequada de les dades personals, inclosa la protecci\u00f3 contra el tractament no autoritzat o il\u00b7l\u00edcit i contra la seua p\u00e8rdua, destrucci\u00f3 o mal accidental, mitjan\u00e7ant l'aplicaci\u00f3 de mesures t\u00e8cniques o organitzatives apropiades.<br \/><b>10. Informaci\u00f3n y formaci\u00f3n<\/b>: una de les claus per a garantir la protecci\u00f3 de les dades personals \u00e9s la formacio\u0301n i informacio\u0301n que es facilite al personal involucrat en el tractament d'estos. Durant el cicle de vida de la informacio\u0301n, tot el personal amb acc\u00e9s a les dades ser\u00e0 convenientment format i informat sobre les seues obligacions en relaci\u00f3 amb el compliment de la normativa de protecci\u00f3 de dades.<\/p><p data-start=\"174\" data-end=\"403\">La <strong data-start=\"177\" data-end=\"212\">Pol\u00edtica de Protecci\u00f3 de Dades<\/strong> de <strong data-start=\"216\" data-end=\"280\">ENTITAT DE GESTI\u00d3 I MODERNITZACI\u00d3 CODONYERS (EGM CODONYERS)<\/strong> \u00e9s comunicada a tot el personal del responsable del tractament i posada a la disposici\u00f3 de totes les parts interessades.<\/p><p data-start=\"405\" data-end=\"871\">En conseq\u00fc\u00e8ncia, la present Pol\u00edtica de Protecci\u00f3 de Dades involucra a tot el personal del responsable del tractament, que ha de con\u00e9ixer-la i assumir-la, considerant-la com a pr\u00f2pia, sent cada membre responsable d'aplicar-la i de verificar les normes de protecci\u00f3 de dades aplicables a la seua activitat, aix\u00ed com d'identificar i aportar les oportunitats de millora que considere oportunes, amb l'objectiu d'aconseguir l'excel\u00b7l\u00e8ncia en relaci\u00f3 amb el seu compliment.<\/p><p data-start=\"873\" data-end=\"1120\">Esta Pol\u00edtica ser\u00e0 revisada per la Direcci\u00f3 \/ \u00d2rgan de Govern de <strong data-start=\"942\" data-end=\"959\">EGM CODONYERS<\/strong>, tantes vegades com es considere necessari, per a adequar-se en tot moment a les disposicions vigents en mat\u00e8ria de protecci\u00f3 de dades de car\u00e0cter personal.<\/p><p>\u00a0<\/p>\t\t\t\t\t\t\t\t<\/div>\n\t\t\t\t\t<\/div>\n\t\t\t\t<\/div>\n\t\t<div class=\"elementor-element elementor-element-213ab2e e-flex e-con-boxed e-con e-parent\" data-id=\"213ab2e\" data-element_type=\"container\" data-e-type=\"container\">\n\t\t\t\t\t<div class=\"e-con-inner\">\n\t\t\t\t\t<\/div>\n\t\t\t\t<\/div>\n\t\t<div class=\"elementor-element elementor-element-3ec4a19a e-con-full e-flex e-con e-parent\" data-id=\"3ec4a19a\" data-element_type=\"container\" data-e-type=\"container\">\n\t\t<div class=\"elementor-element elementor-element-41eaa750 e-con-full e-flex e-con e-child\" data-id=\"41eaa750\" data-element_type=\"container\" data-e-type=\"container\">\n\t\t\t\t<div class=\"elementor-element elementor-element-71b822b6 elementor-widget elementor-widget-image\" data-id=\"71b822b6\" data-element_type=\"widget\" data-e-type=\"widget\" data-widget_type=\"image.default\">\n\t\t\t\t\t\t\t\t\t\t\t\t\t\t\t<img decoding=\"async\" width=\"300\" height=\"73\" src=\"https:\/\/egmcodonyers.com\/wp-content\/uploads\/2026\/02\/logo_whiteAll_TR-300x73.png\" class=\"attachment-medium size-medium wp-image-392\" alt=\"\" srcset=\"https:\/\/egmcodonyers.com\/wp-content\/uploads\/2026\/02\/logo_whiteAll_TR-300x73.png 300w, https:\/\/egmcodonyers.com\/wp-content\/uploads\/2026\/02\/logo_whiteAll_TR-1024x249.png 1024w, https:\/\/egmcodonyers.com\/wp-content\/uploads\/2026\/02\/logo_whiteAll_TR-768x187.png 768w, https:\/\/egmcodonyers.com\/wp-content\/uploads\/2026\/02\/logo_whiteAll_TR-1536x374.png 1536w, https:\/\/egmcodonyers.com\/wp-content\/uploads\/2026\/02\/logo_whiteAll_TR-18x4.png 18w, https:\/\/egmcodonyers.com\/wp-content\/uploads\/2026\/02\/logo_whiteAll_TR.png 1788w\" sizes=\"(max-width: 300px) 100vw, 300px\" \/>\t\t\t\t\t\t\t\t\t\t\t\t\t\t\t<\/div>\n\t\t\t\t<div class=\"elementor-element elementor-element-69ceb982 elementor-widget elementor-widget-text-editor\" data-id=\"69ceb982\" data-element_type=\"widget\" data-e-type=\"widget\" data-widget_type=\"text-editor.default\">\n\t\t\t\t\t\t\t\t\t<p>Pol\u00edgon Canyada de Codonyers<\/p>\n<p>46220 Picassent (Valencia)<\/p>\t\t\t\t\t\t\t\t<\/div>\n\t\t\t\t<\/div>\n\t\t<div class=\"elementor-element elementor-element-7097e482 e-con-full e-flex e-con e-child\" data-id=\"7097e482\" data-element_type=\"container\" data-e-type=\"container\">\n\t\t<div class=\"elementor-element elementor-element-38fc4acc e-con-full e-flex e-con e-child\" data-id=\"38fc4acc\" data-element_type=\"container\" data-e-type=\"container\">\n\t\t\t\t<div class=\"elementor-element elementor-element-5a1e6d08 elementor-widget elementor-widget-heading\" data-id=\"5a1e6d08\" data-element_type=\"widget\" data-e-type=\"widget\" data-widget_type=\"heading.default\">\n\t\t\t\t\t<h2 class=\"elementor-heading-title elementor-size-default\">LEGAL<\/h2>\t\t\t\t<\/div>\n\t\t\t\t<div class=\"elementor-element elementor-element-234ed3d8 elementor-align-start elementor-list-item-link-full_width elementor-widget elementor-widget-icon-list\" data-id=\"234ed3d8\" data-element_type=\"widget\" data-e-type=\"widget\" data-widget_type=\"icon-list.default\">\n\t\t\t\t\t\t\t<ul class=\"elementor-icon-list-items\">\n\t\t\t\t\t\t\t<li class=\"elementor-icon-list-item\">\n\t\t\t\t\t\t\t\t\t\t\t<a href=\"https:\/\/egmcodonyers.com\/va\/aviso-legal\/\">\n\n\t\t\t\t\t\t\t\t\t\t\t<span class=\"elementor-icon-list-text\">Av\u00eds Legal<\/span>\n\t\t\t\t\t\t\t\t\t\t\t<\/a>\n\t\t\t\t\t\t\t\t\t<\/li>\n\t\t\t\t\t\t\t\t<li class=\"elementor-icon-list-item\">\n\t\t\t\t\t\t\t\t\t\t\t<a href=\"https:\/\/egmcodonyers.com\/va\/politica-de-cookies\/\">\n\n\t\t\t\t\t\t\t\t\t\t\t<span class=\"elementor-icon-list-text\">Pol\u00edtica de Cookies<\/span>\n\t\t\t\t\t\t\t\t\t\t\t<\/a>\n\t\t\t\t\t\t\t\t\t<\/li>\n\t\t\t\t\t\t\t\t<li class=\"elementor-icon-list-item\">\n\t\t\t\t\t\t\t\t\t\t\t<a href=\"https:\/\/egmcodonyers.com\/va\/politica-de-privacidad\/\">\n\n\t\t\t\t\t\t\t\t\t\t\t<span class=\"elementor-icon-list-text\">Pol\u00edtica de Privacitat<\/span>\n\t\t\t\t\t\t\t\t\t\t\t<\/a>\n\t\t\t\t\t\t\t\t\t<\/li>\n\t\t\t\t\t\t\t\t<li class=\"elementor-icon-list-item\">\n\t\t\t\t\t\t\t\t\t\t\t<a href=\"https:\/\/egmcodonyers.com\/va\/politica-de-proteccion-de-datos\/\">\n\n\t\t\t\t\t\t\t\t\t\t\t<span class=\"elementor-icon-list-text\">Pol\u00edtica de Protecci\u00f3 de Dades<\/span>\n\t\t\t\t\t\t\t\t\t\t\t<\/a>\n\t\t\t\t\t\t\t\t\t<\/li>\n\t\t\t\t\t\t<\/ul>\n\t\t\t\t\t\t<\/div>\n\t\t\t\t<\/div>\n\t\t\t\t<\/div>\n\t\t<div class=\"elementor-element elementor-element-6f59834c e-con-full e-flex e-con e-child\" data-id=\"6f59834c\" data-element_type=\"container\" data-e-type=\"container\">\n\t\t\t\t<div class=\"elementor-element elementor-element-6d148c64 elementor-widget elementor-widget-heading\" data-id=\"6d148c64\" data-element_type=\"widget\" data-e-type=\"widget\" data-widget_type=\"heading.default\">\n\t\t\t\t\t<p class=\"elementor-heading-title elementor-size-default\"><a href=\"https:\/\/yottadesarrollos.com\/\" target=\"_blank\" rel=\"nofollow\">\u00a92026 desenrotllat per Yotta Desenrotllaments Tecnol\u00f2gics S.L.\n<\/a><\/p>\t\t\t\t<\/div>\n\t\t\t\t<\/div>\n\t\t\t\t<\/div>\n\t\t\t\t<\/div>","protected":false},"excerpt":{"rendered":"<p>POL\u00cdTICA DE PROTECCI\u00d3N DE DATOS La Direcci\u00f3n \/ \u00d3rgano de Gobierno de ENTIDAD DE GESTI\u00d3N Y MODERNIZACI\u00d3N CODONYERS (EGM CODONYERS), en adelante el responsable del tratamiento, con domicilio en Pol\u00edgono Industrial Codonyers, Carrer 18, 1H PBJ, 46220 Picassent (Valencia), Espa\u00f1a, con CIF G75343814, asume la m\u00e1xima responsabilidad y compromiso con el establecimiento, implementaci\u00f3n y mantenimiento [&hellip;]<\/p>\n","protected":false},"author":1,"featured_media":0,"parent":0,"menu_order":0,"comment_status":"closed","ping_status":"closed","template":"","meta":{"footnotes":""},"class_list":["post-230","page","type-page","status-publish","hentry"],"_links":{"self":[{"href":"https:\/\/egmcodonyers.com\/va\/wp-json\/wp\/v2\/pages\/230","targetHints":{"allow":["GET"]}}],"collection":[{"href":"https:\/\/egmcodonyers.com\/va\/wp-json\/wp\/v2\/pages"}],"about":[{"href":"https:\/\/egmcodonyers.com\/va\/wp-json\/wp\/v2\/types\/page"}],"author":[{"embeddable":true,"href":"https:\/\/egmcodonyers.com\/va\/wp-json\/wp\/v2\/users\/1"}],"replies":[{"embeddable":true,"href":"https:\/\/egmcodonyers.com\/va\/wp-json\/wp\/v2\/comments?post=230"}],"version-history":[{"count":16,"href":"https:\/\/egmcodonyers.com\/va\/wp-json\/wp\/v2\/pages\/230\/revisions"}],"predecessor-version":[{"id":432,"href":"https:\/\/egmcodonyers.com\/va\/wp-json\/wp\/v2\/pages\/230\/revisions\/432"}],"wp:attachment":[{"href":"https:\/\/egmcodonyers.com\/va\/wp-json\/wp\/v2\/media?parent=230"}],"curies":[{"name":"wp","href":"https:\/\/api.w.org\/{rel}","templated":true}]}}