{"id":225,"date":"2026-02-17T13:58:07","date_gmt":"2026-02-17T12:58:07","guid":{"rendered":"https:\/\/egmcodonyers.com\/?page_id=225"},"modified":"2026-02-18T10:39:08","modified_gmt":"2026-02-18T09:39:08","slug":"politica-de-cookies","status":"publish","type":"page","link":"https:\/\/egmcodonyers.com\/va\/politica-de-cookies\/","title":{"rendered":"Pol\u00edtica de Cookies"},"content":{"rendered":"<div data-elementor-type=\"wp-page\" data-elementor-id=\"225\" class=\"elementor elementor-225\">\n\t\t\t\t<div class=\"elementor-element elementor-element-14da7fa e-flex e-con-boxed e-con e-parent\" data-id=\"14da7fa\" data-element_type=\"container\" data-e-type=\"container\">\n\t\t\t\t\t<div class=\"e-con-inner\">\n\t\t\t\t<div class=\"elementor-element elementor-element-3882c8d elementor-widget elementor-widget-heading\" data-id=\"3882c8d\" data-element_type=\"widget\" data-e-type=\"widget\" data-widget_type=\"heading.default\">\n\t\t\t\t\t<h2 class=\"elementor-heading-title elementor-size-default\">POL\u00cdTICA DE COOKIES<\/h2>\t\t\t\t<\/div>\n\t\t\t\t\t<\/div>\n\t\t\t\t<\/div>\n\t\t<div class=\"elementor-element elementor-element-cb56123 e-flex e-con-boxed e-con e-parent\" data-id=\"cb56123\" data-element_type=\"container\" data-e-type=\"container\">\n\t\t\t\t\t<div class=\"e-con-inner\">\n\t\t\t\t<div class=\"elementor-element elementor-element-8014d42 elementor-widget elementor-widget-text-editor\" data-id=\"8014d42\" data-element_type=\"widget\" data-e-type=\"widget\" data-widget_type=\"text-editor.default\">\n\t\t\t\t\t\t\t\t\t<h4>Qu\u00e8 s\u00f3n les cookies i per a qu\u00e8 les usem?<\/h4><p>Una cookie o galeta inform\u00e0tica \u00e9s un xicotet arxiu d'informaci\u00f3 que es guarda en el seu ordinador, \u00abtel\u00e8fon intel\u00b7ligent\u00bb o tauleta cada vegada que visita la nostra p\u00e0gina web.<\/p><p>En principi, una cookie \u00e9s inofensiva: no cont\u00e9 virus, troians, cucs, etc., que puguen danyar el seu dispositiu, per\u00f2 s\u00ed que t\u00e9 cert impacte sobre el seu dret a la protecci\u00f3 de les seues dades personals, ja que arreplega informaci\u00f3 relacionada amb vost\u00e9 (h\u00e0bits de navegaci\u00f3, identitat, prefer\u00e8ncies, etc.).<\/p><p>Per aix\u00f2, i segons la normativa aplicable (LSSI i protecci\u00f3 de dades personals vigent), l'activaci\u00f3 de determinats tipus de cookies requerir\u00e0 la seua autoritzaci\u00f3 pr\u00e8via.<\/p><p>A continuaci\u00f3, li oferim informaci\u00f3 addicional perqu\u00e8 puga prendre decisions conscients:<\/p><h4>1. Tipus de cookies segons la seua finalitat<\/h4><ul><li><strong>Cookies t\u00e8cniques:<\/strong> necess\u00e0ries perqu\u00e8 la nostra web funcione. No requerixen la seua autoritzaci\u00f3 i estan activades per defecte.<\/li><li>Les altres cookies servixen per a millorar la web, personalitzar-la segons les seues prefer\u00e8ncies o mostrar publicitat adaptada a les seues busques i interessos. Pot acceptar totes estes cookies polsant el bot\u00f3 \u00abACCEPTAR\u00bb o configurar-les\/rebutjar el seu \u00fas en \u00abCONFIGURACI\u00d3 DE COOKIES\u00bb.<\/li><\/ul><h4>2. Cookies pr\u00f2pies i de tercers<\/h4><p>Algunes cookies s\u00f3n nostres (pr\u00f2pies) i altres pertanyen a empreses externes que presten servicis per a la nostra web (cookies de tercers, per exemple, prove\u00efdors com Google). Alguns d'estos prove\u00efdors poden estar fora d'Espanya.<\/p><p>No tots els pa\u00efsos tenen el mateix nivell de protecci\u00f3 de dades; per exemple, la Uni\u00f3 Europea \u00e9s un entorn segur. La nostra pol\u00edtica \u00e9s usar prove\u00efdors de confian\u00e7a que, independentment de la seua ubicaci\u00f3, hagen adoptat garanties adequades per a protegir la seua informaci\u00f3. Pot consultar les pol\u00edtiques de privacitat d'estos prove\u00efdors en l'apartat \u00abTipus de cookies utilitzades actualment en la nostra web\u00bb.<\/p><h4>3. Cookies segons la seua duraci\u00f3<\/h4><ul><li><strong>Cookies de sessi\u00f3:<\/strong> expiren en finalitzar la sessi\u00f3 en el seu dispositiu i s'usen per a mantindre informaci\u00f3 temporal mentres utilitza un servici.<\/li><li><strong>Cookies persistentes:<\/strong> romanen en el seu dispositiu durant un per\u00edode determinat, des de minuts fins a diversos anys.<\/li><\/ul><h4>Tipus de cookies utilitzades en la nostra web<\/h4><h5>Cookies t\u00e8cniques<\/h5><p>Necess\u00e0ries per al funcionament de la web, com a identificaci\u00f3 d'usuari, acc\u00e9s a \u00e0rees restringides o recordar opcions seleccionades. Activades per defecte.<\/p><h5>Cookies d'an\u00e0lisis<\/h5><p>Permeten estudiar la navegaci\u00f3 dels usuaris per a millorar el funcionament i els servicis. No tenen finalitat publicit\u00e0ria. Pot activar-les o desactivar-les marcant la casella corresponent.<\/p><h5>Cookies de funcionalitat i personalitzaci\u00f3<\/h5><p>Recorden les seues prefer\u00e8ncies, com a idioma o seccions favorites, per a personalitzar la web segons les seues eleccions anteriors. No tenen finalitat publicit\u00e0ria. Activades\/desactivades mitjan\u00e7ant casella.<\/p><h5>Cookies de publicitat<\/h5><p>Gestionen els espais publicitaris de la web segons el contingut i freq\u00fc\u00e8ncia d'anuncis. Permeten mostrar publicitat m\u00e9s \u00fatil i menys repetitiva. Activades\/desactivades mitjan\u00e7ant casella.<\/p><h4>Tipus de cookies actualment utilitzades<\/h4><table border=\"1\"><thead><tr><th>Nom<\/th><th>Titular<\/th><th>Duraci\u00f3<\/th><th>Finalitat<\/th><\/tr><\/thead><tbody><tr><td>PHPSESSID<\/td><td>Pr\u00f2pia<\/td><td>Sessi\u00f3<\/td><td>Identificador de sessi\u00f3 per a mantindre variables de l'usuari entre p\u00e0gines.<\/td><\/tr><tr><td>msgcookie<\/td><td>Pr\u00f2pia<\/td><td>365 dies<\/td><td>Emmagatzema la configuraci\u00f3 de cookies seleccionada per l'usuari.<\/td><\/tr><tr><td>accounts<\/td><td>Pr\u00f2pia<\/td><td>2 anys<\/td><td>Guarda dades de sessi\u00f3 per al correcte funcionament de la web.<\/td><\/tr><tr><td>_gat<\/td><td>google.es<\/td><td>1 minut<\/td><td>Usada per a mostrar publicitat pr\u00f2pia del lloc en la xarxa de Google.<\/td><\/tr><tr><td>_ga<\/td><td>google.es<\/td><td>2 anys<\/td><td>Permet distingir usuaris \u00fanics per a an\u00e0lisis estad\u00edstiques.<\/td><\/tr><tr><td>_gid<\/td><td>google.es<\/td><td>24 hores<\/td><td>Registra un ANEU \u00fanic per a generar dades estad\u00edstiques d'\u00fas.<\/td><\/tr><tr><td>__gads<\/td><td>google.es<\/td><td>2 anys<\/td><td>Relacionada amb la publicitat mostrada en la p\u00e0gina.<\/td><\/tr><\/tbody><\/table><h4>Qu\u00e8 pot fer amb les cookies<\/h4><p>En accedir per primera vegada a la nostra web, se li mostrar\u00e0 un av\u00eds sobre cookies:<\/p><ul><li>Cookies t\u00e8cniques: necess\u00e0ries per a la web, activades per defecte.<\/li><li>Resta de cookies: per a millorar la web, personalitzar-la o mostrar publicitat. Pot acceptar, configurar o rebutjar el seu \u00fas.<\/li><\/ul><p>Pot desactivar les cookies pr\u00f2pies en qualsevol moment desmarcant la casella corresponent en \u00abConfiguraci\u00f3 de cookies\u00bb. Tamb\u00e9 pot bloquejar-les des del seu navegador, encara que aix\u00f2 pot afectar el funcionament de cookies t\u00e8cniques.<\/p><p>Si activa cookies de tercers, pot desactivar-les mitjan\u00e7ant ferramentes del navegador o sistemes de desactivaci\u00f3 habilitats per eixos prove\u00efdors.<\/p><h4>Enlla\u00e7os d'ajuda per a desactivar cookies en navegadors<\/h4><ul><li>Internet Explorer: <a href=\"http:\/\/windows.microsoft.com\/es-xl\/internet-explorer\/delete-manage-cookies#ie=ie-10\" target=\"_blank\" rel=\"noopener\">Enlace<\/a><\/li><li>Firefox: <a href=\"http:\/\/support.mozilla.org\/es\/kb\/habilitar-y-deshabilitar-cookies-que-los-sitios-we\" target=\"_blank\" rel=\"noopener\">Enlace<\/a><\/li><li>Chrome: <a href=\"https:\/\/support.google.com\/chrome\/answer\/95647?hl=es\" target=\"_blank\" rel=\"noopener\">Enlace<\/a><\/li><li>Safari: <a href=\"https:\/\/www.apple.com\/legal\/privacy\/es\/cookies\/\" target=\"_blank\" rel=\"noopener\">Enlace<\/a><\/li><\/ul><p>Tamb\u00e9 pot esborrar les cookies guardades directament des de les opcions de configuraci\u00f3 del seu navegador.<\/p>\t\t\t\t\t\t\t\t<\/div>\n\t\t\t\t\t<\/div>\n\t\t\t\t<\/div>\n\t\t<div class=\"elementor-element elementor-element-777837ca e-flex e-con-boxed e-con e-parent\" data-id=\"777837ca\" data-element_type=\"container\" data-e-type=\"container\">\n\t\t\t\t\t<div class=\"e-con-inner\">\n\t\t\t\t\t<\/div>\n\t\t\t\t<\/div>\n\t\t<div class=\"elementor-element elementor-element-8df6aff e-con-full e-flex e-con e-parent\" data-id=\"8df6aff\" data-element_type=\"container\" data-e-type=\"container\">\n\t\t<div class=\"elementor-element elementor-element-15a5c95d e-con-full e-flex e-con e-child\" data-id=\"15a5c95d\" data-element_type=\"container\" data-e-type=\"container\">\n\t\t\t\t<div class=\"elementor-element elementor-element-5c7eca58 elementor-widget elementor-widget-image\" data-id=\"5c7eca58\" data-element_type=\"widget\" data-e-type=\"widget\" data-widget_type=\"image.default\">\n\t\t\t\t\t\t\t\t\t\t\t\t\t\t\t<img decoding=\"async\" width=\"300\" height=\"73\" src=\"https:\/\/egmcodonyers.com\/wp-content\/uploads\/2026\/02\/logo_whiteAll_TR-300x73.png\" class=\"attachment-medium size-medium wp-image-392\" alt=\"\" srcset=\"https:\/\/egmcodonyers.com\/wp-content\/uploads\/2026\/02\/logo_whiteAll_TR-300x73.png 300w, https:\/\/egmcodonyers.com\/wp-content\/uploads\/2026\/02\/logo_whiteAll_TR-1024x249.png 1024w, https:\/\/egmcodonyers.com\/wp-content\/uploads\/2026\/02\/logo_whiteAll_TR-768x187.png 768w, https:\/\/egmcodonyers.com\/wp-content\/uploads\/2026\/02\/logo_whiteAll_TR-1536x374.png 1536w, https:\/\/egmcodonyers.com\/wp-content\/uploads\/2026\/02\/logo_whiteAll_TR-18x4.png 18w, https:\/\/egmcodonyers.com\/wp-content\/uploads\/2026\/02\/logo_whiteAll_TR.png 1788w\" sizes=\"(max-width: 300px) 100vw, 300px\" \/>\t\t\t\t\t\t\t\t\t\t\t\t\t\t\t<\/div>\n\t\t\t\t<div class=\"elementor-element elementor-element-493df3ca elementor-widget elementor-widget-text-editor\" data-id=\"493df3ca\" data-element_type=\"widget\" data-e-type=\"widget\" data-widget_type=\"text-editor.default\">\n\t\t\t\t\t\t\t\t\t<p>Pol\u00edgon Canyada de Codonyers<\/p>\n<p>46220 Picassent (Valencia)<\/p>\t\t\t\t\t\t\t\t<\/div>\n\t\t\t\t<\/div>\n\t\t<div class=\"elementor-element elementor-element-1cf81f02 e-con-full e-flex e-con e-child\" data-id=\"1cf81f02\" data-element_type=\"container\" data-e-type=\"container\">\n\t\t<div class=\"elementor-element elementor-element-4a5c2dec e-con-full e-flex e-con e-child\" data-id=\"4a5c2dec\" data-element_type=\"container\" data-e-type=\"container\">\n\t\t\t\t<div class=\"elementor-element elementor-element-2f1554e4 elementor-widget elementor-widget-heading\" data-id=\"2f1554e4\" data-element_type=\"widget\" data-e-type=\"widget\" data-widget_type=\"heading.default\">\n\t\t\t\t\t<h2 class=\"elementor-heading-title elementor-size-default\">LEGAL<\/h2>\t\t\t\t<\/div>\n\t\t\t\t<div class=\"elementor-element elementor-element-224b19c5 elementor-align-start elementor-list-item-link-full_width elementor-widget elementor-widget-icon-list\" data-id=\"224b19c5\" data-element_type=\"widget\" data-e-type=\"widget\" data-widget_type=\"icon-list.default\">\n\t\t\t\t\t\t\t<ul class=\"elementor-icon-list-items\">\n\t\t\t\t\t\t\t<li class=\"elementor-icon-list-item\">\n\t\t\t\t\t\t\t\t\t\t\t<a href=\"https:\/\/egmcodonyers.com\/va\/aviso-legal\/\">\n\n\t\t\t\t\t\t\t\t\t\t\t<span class=\"elementor-icon-list-text\">Av\u00eds Legal<\/span>\n\t\t\t\t\t\t\t\t\t\t\t<\/a>\n\t\t\t\t\t\t\t\t\t<\/li>\n\t\t\t\t\t\t\t\t<li class=\"elementor-icon-list-item\">\n\t\t\t\t\t\t\t\t\t\t\t<a href=\"https:\/\/egmcodonyers.com\/va\/politica-de-cookies\/\">\n\n\t\t\t\t\t\t\t\t\t\t\t<span class=\"elementor-icon-list-text\">Pol\u00edtica de Cookies<\/span>\n\t\t\t\t\t\t\t\t\t\t\t<\/a>\n\t\t\t\t\t\t\t\t\t<\/li>\n\t\t\t\t\t\t\t\t<li class=\"elementor-icon-list-item\">\n\t\t\t\t\t\t\t\t\t\t\t<a href=\"https:\/\/egmcodonyers.com\/va\/politica-de-privacidad\/\">\n\n\t\t\t\t\t\t\t\t\t\t\t<span class=\"elementor-icon-list-text\">Pol\u00edtica de Privacitat<\/span>\n\t\t\t\t\t\t\t\t\t\t\t<\/a>\n\t\t\t\t\t\t\t\t\t<\/li>\n\t\t\t\t\t\t\t\t<li class=\"elementor-icon-list-item\">\n\t\t\t\t\t\t\t\t\t\t\t<a href=\"https:\/\/egmcodonyers.com\/va\/politica-de-proteccion-de-datos\/\">\n\n\t\t\t\t\t\t\t\t\t\t\t<span class=\"elementor-icon-list-text\">Pol\u00edtica de Protecci\u00f3 de Dades<\/span>\n\t\t\t\t\t\t\t\t\t\t\t<\/a>\n\t\t\t\t\t\t\t\t\t<\/li>\n\t\t\t\t\t\t<\/ul>\n\t\t\t\t\t\t<\/div>\n\t\t\t\t<\/div>\n\t\t\t\t<\/div>\n\t\t<div class=\"elementor-element elementor-element-508458d8 e-con-full e-flex e-con e-child\" data-id=\"508458d8\" data-element_type=\"container\" data-e-type=\"container\">\n\t\t\t\t<div class=\"elementor-element elementor-element-3c5d1bb1 elementor-widget elementor-widget-heading\" data-id=\"3c5d1bb1\" data-element_type=\"widget\" data-e-type=\"widget\" data-widget_type=\"heading.default\">\n\t\t\t\t\t<p class=\"elementor-heading-title elementor-size-default\"><a href=\"https:\/\/yottadesarrollos.com\/\" target=\"_blank\" rel=\"nofollow\">\u00a92026 desenrotllat per Yotta Desenrotllaments Tecnol\u00f2gics S.L.\n<\/a><\/p>\t\t\t\t<\/div>\n\t\t\t\t<\/div>\n\t\t\t\t<\/div>\n\t\t\t\t<\/div>","protected":false},"excerpt":{"rendered":"<p>POL\u00cdTICA DE COOKIES \u00bfQu\u00e9 son las cookies y para qu\u00e9 las usamos? Una cookie o galleta inform\u00e1tica es un peque\u00f1o archivo de informaci\u00f3n que se guarda en su ordenador, \u00abtel\u00e9fono inteligente\u00bb o tableta cada vez que visita nuestra p\u00e1gina web. En principio, una cookie es inofensiva: no contiene virus, troyanos, gusanos, etc., que puedan da\u00f1ar [&hellip;]<\/p>\n","protected":false},"author":1,"featured_media":0,"parent":0,"menu_order":0,"comment_status":"closed","ping_status":"closed","template":"","meta":{"footnotes":""},"class_list":["post-225","page","type-page","status-publish","hentry"],"_links":{"self":[{"href":"https:\/\/egmcodonyers.com\/va\/wp-json\/wp\/v2\/pages\/225","targetHints":{"allow":["GET"]}}],"collection":[{"href":"https:\/\/egmcodonyers.com\/va\/wp-json\/wp\/v2\/pages"}],"about":[{"href":"https:\/\/egmcodonyers.com\/va\/wp-json\/wp\/v2\/types\/page"}],"author":[{"embeddable":true,"href":"https:\/\/egmcodonyers.com\/va\/wp-json\/wp\/v2\/users\/1"}],"replies":[{"embeddable":true,"href":"https:\/\/egmcodonyers.com\/va\/wp-json\/wp\/v2\/comments?post=225"}],"version-history":[{"count":13,"href":"https:\/\/egmcodonyers.com\/va\/wp-json\/wp\/v2\/pages\/225\/revisions"}],"predecessor-version":[{"id":410,"href":"https:\/\/egmcodonyers.com\/va\/wp-json\/wp\/v2\/pages\/225\/revisions\/410"}],"wp:attachment":[{"href":"https:\/\/egmcodonyers.com\/va\/wp-json\/wp\/v2\/media?parent=225"}],"curies":[{"name":"wp","href":"https:\/\/api.w.org\/{rel}","templated":true}]}}