{"id":220,"date":"2026-02-17T13:57:55","date_gmt":"2026-02-17T12:57:55","guid":{"rendered":"https:\/\/egmcodonyers.com\/?page_id=220"},"modified":"2026-02-18T12:13:41","modified_gmt":"2026-02-18T11:13:41","slug":"aviso-legal","status":"publish","type":"page","link":"https:\/\/egmcodonyers.com\/va\/aviso-legal\/","title":{"rendered":"Av\u00eds Legal"},"content":{"rendered":"<div data-elementor-type=\"wp-page\" data-elementor-id=\"220\" class=\"elementor elementor-220\">\n\t\t\t\t<div class=\"elementor-element elementor-element-4cac7e9 e-flex e-con-boxed e-con e-parent\" data-id=\"4cac7e9\" data-element_type=\"container\" data-e-type=\"container\">\n\t\t\t\t\t<div class=\"e-con-inner\">\n\t\t\t\t<div class=\"elementor-element elementor-element-7ead600 elementor-widget elementor-widget-heading\" data-id=\"7ead600\" data-element_type=\"widget\" data-e-type=\"widget\" data-widget_type=\"heading.default\">\n\t\t\t\t\t<h2 class=\"elementor-heading-title elementor-size-default\">AV\u00cdS LEGAL<\/h2>\t\t\t\t<\/div>\n\t\t\t\t\t<\/div>\n\t\t\t\t<\/div>\n\t\t<div class=\"elementor-element elementor-element-ab68388 e-flex e-con-boxed e-con e-parent\" data-id=\"ab68388\" data-element_type=\"container\" data-e-type=\"container\">\n\t\t\t\t\t<div class=\"e-con-inner\">\n\t\t\t\t<div class=\"elementor-element elementor-element-0768c8e elementor-widget elementor-widget-text-editor\" data-id=\"0768c8e\" data-element_type=\"widget\" data-e-type=\"widget\" data-widget_type=\"text-editor.default\">\n\t\t\t\t\t\t\t\t\t<p>1.<b> Informaci\u00f3 en compliment del qual s'establix en la Llei 34\/2002, d'11 de juliol, de servicis de la societat de la informaci\u00f3 i de comer\u00e7 electr\u00f2nic<\/b><\/p><p data-start=\"471\" data-end=\"761\">En compliment de l'article 10 de la <strong data-start=\"509\" data-end=\"623\">Llei 34\/2002, d'11 de juliol, de Servicis de la Societat de la Informaci\u00f3 i de Comer\u00e7 Electr\u00f2nic (LSSI-CE)<\/strong>, s'informa de manera expressa, precisa i inequ\u00edvoca als usuaris d'esta p\u00e0gina web de les seg\u00fcents dades del prestador de servicis:<\/p><ul data-start=\"763\" data-end=\"1046\"><li data-start=\"763\" data-end=\"840\"><p data-start=\"765\" data-end=\"840\"><strong data-start=\"765\" data-end=\"777\">Titular:<\/strong> ENTITAT DE GESTI\u00d3 I MODERNITZACI\u00d3 CODONYERS (EGM CODONYERS)<\/p><\/li><li data-start=\"841\" data-end=\"863\"><p data-start=\"843\" data-end=\"863\"><strong data-start=\"843\" data-end=\"851\">CIF:<\/strong> G75343814<\/p><\/li><li data-start=\"864\" data-end=\"974\"><p data-start=\"866\" data-end=\"974\"><strong data-start=\"866\" data-end=\"887\">Domicili social:<\/strong> Pol\u00edgon Industrial Codonyers, Carrer 18, 1H PBJ, 46220 Picassent (Val\u00e8ncia), Espanya<\/p><\/li><li data-start=\"975\" data-end=\"1046\"><p data-start=\"977\" data-end=\"1046\"><strong data-start=\"977\" data-end=\"1012\">Correu electr\u00f2nic de contacte:\u00a0<\/strong>gestio@egmcodonyers.com<\/p><\/li><\/ul><p>EGM CODONYERS \u00e9s una entitat sense \u00e0nim de lucre de base privada amb finalitat p\u00fablica, que es regix per la <strong data-start=\"1154\" data-end=\"1276\">Llei 14\/2018, de 5 de juny, de gesti\u00f3, modernitzaci\u00f3 i promoci\u00f3 de les \u00e0rees industrials de la Comunitat Valenciana<\/strong> i per la normativa aplicable a la seua naturalesa i fins.<\/p><p><b>2. Propietat intel\u00b7lectual<\/b><\/p><p>El codi font, els dissenys gr\u00e0fics, les imatges, les fotografies, els sons, les animacions, el programari, els textos, aix\u00ed com la informaci\u00f3 i els continguts que s'arrepleguen en el present lloc web<\/p><p data-start=\"1616\" data-end=\"1964\">estan protegits per la legislaci\u00f3 espanyola sobre <strong data-start=\"1667\" data-end=\"1717\">drets de propietat intel\u00b7lectual i industrial<\/strong>, sent titular dels mateixos la <strong data-start=\"1751\" data-end=\"1768\">EGM CODONYERS<\/strong>, i no es permet la seua reproducci\u00f3, distribuci\u00f3, comunicaci\u00f3 p\u00fablica, transformaci\u00f3, modificaci\u00f3 ni descompilaci\u00f3n, total o parcial, sense autoritzaci\u00f3 pr\u00e8via i per escrit de l'entitat titular.<\/p><p data-start=\"1966\" data-end=\"2357\">L'usuari \u00fanicament pot utilitzar els continguts d'este lloc web per a fins <strong data-start=\"2047\" data-end=\"2072\">personals i privats<\/strong>, quedant expressament prohibit qualsevol \u00fas amb finalitats comercials o il\u00b7l\u00edcits. La EGM CODONYERS es reserva tots els drets de propietat intel\u00b7lectual i industrial, i exercir\u00e0 totes les accions legals civils i penals que corresponguen davant qualsevol incompliment d'estos.<\/p>\t\t\t\t\t\t\t\t<\/div>\n\t\t\t\t\t<\/div>\n\t\t\t\t<\/div>\n\t\t<div class=\"elementor-element elementor-element-3316454c e-flex e-con-boxed e-con e-parent\" data-id=\"3316454c\" data-element_type=\"container\" data-e-type=\"container\">\n\t\t\t\t\t<div class=\"e-con-inner\">\n\t\t\t\t\t<\/div>\n\t\t\t\t<\/div>\n\t\t<div class=\"elementor-element elementor-element-23955d69 e-con-full e-flex e-con e-parent\" data-id=\"23955d69\" data-element_type=\"container\" data-e-type=\"container\">\n\t\t<div class=\"elementor-element elementor-element-50b2f3dc e-con-full e-flex e-con e-child\" data-id=\"50b2f3dc\" data-element_type=\"container\" data-e-type=\"container\">\n\t\t\t\t<div class=\"elementor-element elementor-element-43567e86 elementor-widget elementor-widget-image\" data-id=\"43567e86\" data-element_type=\"widget\" data-e-type=\"widget\" data-widget_type=\"image.default\">\n\t\t\t\t\t\t\t\t\t\t\t\t\t\t\t<img decoding=\"async\" width=\"300\" height=\"73\" src=\"https:\/\/egmcodonyers.com\/wp-content\/uploads\/2026\/02\/logo_whiteAll_TR-300x73.png\" class=\"attachment-medium size-medium wp-image-392\" alt=\"\" srcset=\"https:\/\/egmcodonyers.com\/wp-content\/uploads\/2026\/02\/logo_whiteAll_TR-300x73.png 300w, https:\/\/egmcodonyers.com\/wp-content\/uploads\/2026\/02\/logo_whiteAll_TR-1024x249.png 1024w, https:\/\/egmcodonyers.com\/wp-content\/uploads\/2026\/02\/logo_whiteAll_TR-768x187.png 768w, https:\/\/egmcodonyers.com\/wp-content\/uploads\/2026\/02\/logo_whiteAll_TR-1536x374.png 1536w, https:\/\/egmcodonyers.com\/wp-content\/uploads\/2026\/02\/logo_whiteAll_TR-18x4.png 18w, https:\/\/egmcodonyers.com\/wp-content\/uploads\/2026\/02\/logo_whiteAll_TR.png 1788w\" sizes=\"(max-width: 300px) 100vw, 300px\" \/>\t\t\t\t\t\t\t\t\t\t\t\t\t\t\t<\/div>\n\t\t\t\t<div class=\"elementor-element elementor-element-46debf19 elementor-widget elementor-widget-text-editor\" data-id=\"46debf19\" data-element_type=\"widget\" data-e-type=\"widget\" data-widget_type=\"text-editor.default\">\n\t\t\t\t\t\t\t\t\t<p>Pol\u00edgon Canyada de Codonyers<\/p>\n<p>46220 Picassent (Valencia)<\/p>\t\t\t\t\t\t\t\t<\/div>\n\t\t\t\t<\/div>\n\t\t<div class=\"elementor-element elementor-element-2ad35e6d e-con-full e-flex e-con e-child\" data-id=\"2ad35e6d\" data-element_type=\"container\" data-e-type=\"container\">\n\t\t<div class=\"elementor-element elementor-element-7749ae88 e-con-full e-flex e-con e-child\" data-id=\"7749ae88\" data-element_type=\"container\" data-e-type=\"container\">\n\t\t\t\t<div class=\"elementor-element elementor-element-79d7a13e elementor-widget elementor-widget-heading\" data-id=\"79d7a13e\" data-element_type=\"widget\" data-e-type=\"widget\" data-widget_type=\"heading.default\">\n\t\t\t\t\t<h2 class=\"elementor-heading-title elementor-size-default\">LEGAL<\/h2>\t\t\t\t<\/div>\n\t\t\t\t<div class=\"elementor-element elementor-element-3309cc03 elementor-align-start elementor-list-item-link-full_width elementor-widget elementor-widget-icon-list\" data-id=\"3309cc03\" data-element_type=\"widget\" data-e-type=\"widget\" data-widget_type=\"icon-list.default\">\n\t\t\t\t\t\t\t<ul class=\"elementor-icon-list-items\">\n\t\t\t\t\t\t\t<li class=\"elementor-icon-list-item\">\n\t\t\t\t\t\t\t\t\t\t\t<a href=\"https:\/\/egmcodonyers.com\/va\/aviso-legal\/\">\n\n\t\t\t\t\t\t\t\t\t\t\t<span class=\"elementor-icon-list-text\">Av\u00eds Legal<\/span>\n\t\t\t\t\t\t\t\t\t\t\t<\/a>\n\t\t\t\t\t\t\t\t\t<\/li>\n\t\t\t\t\t\t\t\t<li class=\"elementor-icon-list-item\">\n\t\t\t\t\t\t\t\t\t\t\t<a href=\"https:\/\/egmcodonyers.com\/va\/politica-de-cookies\/\">\n\n\t\t\t\t\t\t\t\t\t\t\t<span class=\"elementor-icon-list-text\">Pol\u00edtica de Cookies<\/span>\n\t\t\t\t\t\t\t\t\t\t\t<\/a>\n\t\t\t\t\t\t\t\t\t<\/li>\n\t\t\t\t\t\t\t\t<li class=\"elementor-icon-list-item\">\n\t\t\t\t\t\t\t\t\t\t\t<a href=\"https:\/\/egmcodonyers.com\/va\/politica-de-privacidad\/\">\n\n\t\t\t\t\t\t\t\t\t\t\t<span class=\"elementor-icon-list-text\">Pol\u00edtica de Privacitat<\/span>\n\t\t\t\t\t\t\t\t\t\t\t<\/a>\n\t\t\t\t\t\t\t\t\t<\/li>\n\t\t\t\t\t\t\t\t<li class=\"elementor-icon-list-item\">\n\t\t\t\t\t\t\t\t\t\t\t<a href=\"https:\/\/egmcodonyers.com\/va\/politica-de-proteccion-de-datos\/\">\n\n\t\t\t\t\t\t\t\t\t\t\t<span class=\"elementor-icon-list-text\">Pol\u00edtica de Protecci\u00f3 de Dades<\/span>\n\t\t\t\t\t\t\t\t\t\t\t<\/a>\n\t\t\t\t\t\t\t\t\t<\/li>\n\t\t\t\t\t\t<\/ul>\n\t\t\t\t\t\t<\/div>\n\t\t\t\t<\/div>\n\t\t\t\t<\/div>\n\t\t<div class=\"elementor-element elementor-element-76895c3e e-con-full e-flex e-con e-child\" data-id=\"76895c3e\" data-element_type=\"container\" data-e-type=\"container\">\n\t\t\t\t<div class=\"elementor-element elementor-element-72c2a63b elementor-widget elementor-widget-heading\" data-id=\"72c2a63b\" data-element_type=\"widget\" data-e-type=\"widget\" data-widget_type=\"heading.default\">\n\t\t\t\t\t<p class=\"elementor-heading-title elementor-size-default\"><a href=\"https:\/\/yottadesarrollos.com\/\" target=\"_blank\" rel=\"nofollow\">\u00a92026 desenrotllat per Yotta Desenrotllaments Tecnol\u00f2gics S.L.\n<\/a><\/p>\t\t\t\t<\/div>\n\t\t\t\t<\/div>\n\t\t\t\t<\/div>\n\t\t\t\t<\/div>","protected":false},"excerpt":{"rendered":"<p>AVISO LEGAL 1. Informaci\u00f3n en cumplimiento del que se establece en la Ley 34\/2002, de 11 de julio, de servicios de la sociedad de la informaci\u00f3n y de e-commerce En cumplimiento del art\u00edculo 10 de la Ley 34\/2002, de 11 de julio, de Servicios de la Sociedad de la Informaci\u00f3n y de Comercio Electr\u00f3nico (LSSI-CE), [&hellip;]<\/p>\n","protected":false},"author":1,"featured_media":0,"parent":0,"menu_order":0,"comment_status":"closed","ping_status":"closed","template":"","meta":{"footnotes":""},"class_list":["post-220","page","type-page","status-publish","hentry"],"_links":{"self":[{"href":"https:\/\/egmcodonyers.com\/va\/wp-json\/wp\/v2\/pages\/220","targetHints":{"allow":["GET"]}}],"collection":[{"href":"https:\/\/egmcodonyers.com\/va\/wp-json\/wp\/v2\/pages"}],"about":[{"href":"https:\/\/egmcodonyers.com\/va\/wp-json\/wp\/v2\/types\/page"}],"author":[{"embeddable":true,"href":"https:\/\/egmcodonyers.com\/va\/wp-json\/wp\/v2\/users\/1"}],"replies":[{"embeddable":true,"href":"https:\/\/egmcodonyers.com\/va\/wp-json\/wp\/v2\/comments?post=220"}],"version-history":[{"count":16,"href":"https:\/\/egmcodonyers.com\/va\/wp-json\/wp\/v2\/pages\/220\/revisions"}],"predecessor-version":[{"id":429,"href":"https:\/\/egmcodonyers.com\/va\/wp-json\/wp\/v2\/pages\/220\/revisions\/429"}],"wp:attachment":[{"href":"https:\/\/egmcodonyers.com\/va\/wp-json\/wp\/v2\/media?parent=220"}],"curies":[{"name":"wp","href":"https:\/\/api.w.org\/{rel}","templated":true}]}}