{"id":212,"date":"2026-02-17T13:57:31","date_gmt":"2026-02-17T12:57:31","guid":{"rendered":"https:\/\/egmcodonyers.com\/?page_id=212"},"modified":"2026-02-18T12:16:23","modified_gmt":"2026-02-18T11:16:23","slug":"politica-de-privacidad","status":"publish","type":"page","link":"https:\/\/egmcodonyers.com\/va\/politica-de-privacidad\/","title":{"rendered":"Pol\u00edtica de privacidad"},"content":{"rendered":"<div data-elementor-type=\"wp-page\" data-elementor-id=\"212\" class=\"elementor elementor-212\">\n\t\t\t\t<div class=\"elementor-element elementor-element-bc5e138 e-flex e-con-boxed e-con e-parent\" data-id=\"bc5e138\" data-element_type=\"container\" data-e-type=\"container\">\n\t\t\t\t\t<div class=\"e-con-inner\">\n\t\t\t\t<div class=\"elementor-element elementor-element-024e4a2 elementor-widget elementor-widget-heading\" data-id=\"024e4a2\" data-element_type=\"widget\" data-e-type=\"widget\" data-widget_type=\"heading.default\">\n\t\t\t\t\t<h2 class=\"elementor-heading-title elementor-size-default\">POL\u00cdTICA DE PRIVACITAT<\/h2>\t\t\t\t<\/div>\n\t\t\t\t\t<\/div>\n\t\t\t\t<\/div>\n\t\t<div class=\"elementor-element elementor-element-1332cf8 e-flex e-con-boxed e-con e-parent\" data-id=\"1332cf8\" data-element_type=\"container\" data-e-type=\"container\">\n\t\t\t\t\t<div class=\"e-con-inner\">\n\t\t\t\t<div class=\"elementor-element elementor-element-18fe68d elementor-widget elementor-widget-text-editor\" data-id=\"18fe68d\" data-element_type=\"widget\" data-e-type=\"widget\" data-widget_type=\"text-editor.default\">\n\t\t\t\t\t\t\t\t\t<p>Informaci\u00f3 en compliment de la normativa de protecci\u00f3 de dades personals.<\/p><p>A Europa i a Espanya existixen normes de protecci\u00f3 de dades dissenyades per a protegir la seua informaci\u00f3 personal d'obligat compliment per a la nostra entitat. Per aix\u00f2, \u00e9s molt important per a nosaltres que entenga perfectament qu\u00e8 farem amb les dades personals que li sol\u00b7licitem.<\/p><p>Aix\u00ed, serem transparents i li donarem el control de les seues dades, amb un llenguatge senzill i opcions clares que li permetran decidir qu\u00e8 farem amb la seua informaci\u00f3 personal. Per favor, si una vegada llegida la present informaci\u00f3 li queda algun dubte, no dubte a preguntar-nos. Moltes gr\u00e0cies per la seua col\u00b7laboraci\u00f3.<\/p><h4>Qui som?<\/h4><p data-start=\"228\" data-end=\"672\"><strong data-start=\"228\" data-end=\"245\">Denominaci\u00f3:<\/strong> ENTITAT DE GESTI\u00d3 I MODERNITZACI\u00d3 CODONYERS (EGM CODONYERS)<br data-start=\"306\" data-end=\"309\" \/><strong data-start=\"309\" data-end=\"323\">CIF \/ NIF:<\/strong> G75343814<br data-start=\"333\" data-end=\"336\" \/><strong data-start=\"336\" data-end=\"360\">Activitat principal:<\/strong> Gesti\u00f3 i modernitzaci\u00f3 d'\u00e0rees industrials<br data-start=\"406\" data-end=\"409\" \/><strong data-start=\"409\" data-end=\"423\">Adre\u00e7a:<\/strong> Pol\u00edgon Industrial Codonyers, Carrer 18, 1H PBJ, 46220 Picassent (Val\u00e8ncia), Espanya<br data-start=\"508\" data-end=\"511\" data-is-only-node=\"\" \/><strong data-start=\"511\" data-end=\"524\">Tel\u00e8fon:<\/strong> 684 41 06 18<br data-start=\"569\" data-end=\"572\" \/><strong data-start=\"572\" data-end=\"595\">Correu electr\u00f2nic:<\/strong> gestio@egmcodonyers.com<br data-start=\"627\" data-end=\"630\" \/><strong data-start=\"630\" data-end=\"645\">P\u00e0gina web:<\/strong> <a class=\"decorated-link\" href=\"https:\/\/egmcodonyers.com\/va\/\" target=\"_new\" rel=\"noopener\" data-start=\"646\" data-end=\"670\">https:\/\/egmcodonyers.com<\/a><\/p><h4>Per qu\u00e8 necessitem usar les seues dades?<\/h4><p>Les seues dades personals s\u00f3n necessaris per a poder relacionar-nos amb vost\u00e9 i prestar-li els nostres servicis. En este sentit, posarem a la seua disposici\u00f3 una s\u00e8rie de caselles que li permetran decidir de manera clara i senzilla sobre l'\u00fas de la seua informaci\u00f3 personal.<\/p><h4>Qui coneixer\u00e0 la informaci\u00f3 que li sol\u00b7licitem?<\/h4><p>Amb car\u00e0cter general, nom\u00e9s el personal de la nostra entitat degudament autoritzat podr\u00e0 tindre coneixement de la informaci\u00f3 que li sol\u00b7licitem.<\/p><p>De la mateixa manera, podran tindre coneixement de la seua informaci\u00f3 personal aquelles entitats que necessiten accedir a la mateixa perqu\u00e8 puguem prestar-li els nostres servicis. Aix\u00ed, per exemple, el nostre banc coneixer\u00e0 les seues dades si el pagament dels nostres servicis es realitza mitjan\u00e7ant targeta o transfer\u00e8ncia banc\u00e0ria.<\/p><p>Aix\u00ed mateix, tindran coneixement de la seua informaci\u00f3 aquelles entitats p\u00fabliques o privades a les quals estiguem obligats a facilitar les seues dades personals per compliment d'alguna llei. Per exemple, la Llei Tribut\u00e0ria obliga a facilitar a l'Ag\u00e8ncia Tribut\u00e0ria determinada informaci\u00f3 sobre operacions econ\u00f2miques que superen una determinada quantitat.<\/p><p>En el cas que, al marge dels sup\u00f2sits comentats, necessitem comunicar la seua informaci\u00f3 personal a altres entitats, li sol\u00b7licitarem pr\u00e8viament el seu perm\u00eds mitjan\u00e7ant opcions clares que li permetran decidir al respecte.<\/p><h4>Com protegirem les seues dades?<\/h4><p>Protegirem les seues dades amb mesures de seguretat eficaces en funci\u00f3 dels riscos que comporte l'\u00fas de la seua informaci\u00f3.<\/p><p>Per a aix\u00f2, la nostra entitat ha aprovat una Pol\u00edtica de Protecci\u00f3 de Dades i es realitzen controls i auditories anuals per a verificar que les seues dades personals estan segurs en tot moment.<\/p><h4>Enviarem les seues dades a altres pa\u00efsos?<\/h4><p>En el m\u00f3n existixen pa\u00efsos segurs per a les seues dades i altres que no ho s\u00f3n tant. Per exemple, la Uni\u00f3 Europea \u00e9s un entorn segur per a la seua informaci\u00f3. La nostra pol\u00edtica \u00e9s no enviar la seua informaci\u00f3 personal a cap pa\u00eds que no siga segur des del punt de vista de la protecci\u00f3 de dades.<\/p><p>En el cas que, per a prestar-li el servici, siga imprescindible enviar les seues dades a un pa\u00eds que no siga tan segur com Espanya, li sol\u00b7licitarem pr\u00e8viament el seu perm\u00eds i aplicarem mesures de seguretat eficaces que redu\u00efsquen els riscos.<\/p><h4>Durant quant temps conservarem les seues dades?<\/h4><p>Conservarem les seues dades durant la nostra relaci\u00f3 i mentres ens obliguen les lleis. Una vegada finalitzats els terminis legals aplicables, procedirem a eliminar-los de manera segura i respectuosa amb el medi ambient.<\/p><h4>Quins s\u00f3n els seus drets de protecci\u00f3 de dades?<\/h4><p>En qualsevol moment pot dirigir-se a nosaltres per a saber quina informaci\u00f3 tenim sobre vost\u00e9, rectificar-la si fora incorrecta i eliminar-la una vegada finalitzada la nostra relaci\u00f3, sempre que siga legalment possible.<\/p><p>Tamb\u00e9 t\u00e9 dret a sol\u00b7licitar el trasp\u00e0s de la seua informaci\u00f3 a una altra entitat (portabilitat).<\/p><p>Per a sol\u00b7licitar algun d'estos drets, haur\u00e0 de realitzar una sol\u00b7licitud escrita a la nostra adre\u00e7a, juntament amb una fotoc\u00f2pia del seu DNI per a poder identificar-li. En les nostres oficines disposem de formularis espec\u00edfics i li oferim ajuda per al seu emplenament.<\/p><p>Per a saber m\u00e9s sobre els seus drets de protecci\u00f3 de dades, pot consultar la web de l'Ag\u00e8ncia Espanyola de Protecci\u00f3 de Dades: <a href=\"https:\/\/www.aepd.es\" target=\"_blank\" rel=\"noopener\">www.aepd.es<\/a><\/p><h4>Pot retirar el seu consentiment?<\/h4><p>Vost\u00e9 pot retirar el seu consentiment si canvia d'opini\u00f3 sobre l'\u00fas de les seues dades en qualsevol moment. Per exemple, si en el seu moment va acceptar rebre publicitat i ja no desitja rebre-la, pot indicar-nos-el mitjan\u00e7ant el formulari d'oposici\u00f3 al tractament disponible en les nostres oficines.<\/p><h4>On pot reclamar si considera que no s'han respectat els seus drets?<\/h4><p>Si considera que els seus drets han sigut desatesos per la nostra entitat, pot presentar una reclamaci\u00f3 davant l'Ag\u00e8ncia Espanyola de Protecci\u00f3 de Dades a trav\u00e9s de:<\/p><ul><li>Seu electr\u00f2nica: <a href=\"https:\/\/www.aepd.es\" target=\"_blank\" rel=\"noopener\">www.aepd.es<\/a><\/li><li>Adre\u00e7a postal: Ag\u00e8ncia Espanyola de Protecci\u00f3 de Dades, C\/ Jorge Juan, 6, 28001 Madrid<\/li><li>Tel\u00e8fon: 901 100 099 \/ 91 266 35 17<\/li><\/ul><h4>Elaborarem perfils sobre vost\u00e9?<\/h4><p>La nostra pol\u00edtica \u00e9s no elaborar perfils sobre els usuaris dels nostres servicis. No obstant aix\u00f2, poden existir situacions en les quals, amb finalitats de prestaci\u00f3 del servici, comercials o altres, necessitem elaborar perfils d'informaci\u00f3 sobre vost\u00e9. En tal cas, aplicarem mesures de seguretat eficaces que protegisquen la seua informaci\u00f3 en tot moment.<\/p><h4>Usarem les seues dades per a altres fins?<\/h4><p>La nostra pol\u00edtica \u00e9s no utilitzar les seues dades per a finalitats distintes a les explicades. Si necessit\u00e0rem usar les seues dades per a activitats diferents, li sol\u00b7licitarem pr\u00e8viament el seu perm\u00eds mitjan\u00e7ant opcions clares que li permetran decidir al respecte.<\/p>\t\t\t\t\t\t\t\t<\/div>\n\t\t\t\t\t<\/div>\n\t\t\t\t<\/div>\n\t\t<div class=\"elementor-element elementor-element-4f114c08 e-flex e-con-boxed e-con e-parent\" data-id=\"4f114c08\" data-element_type=\"container\" data-e-type=\"container\">\n\t\t\t\t\t<div class=\"e-con-inner\">\n\t\t\t\t\t<\/div>\n\t\t\t\t<\/div>\n\t\t<div class=\"elementor-element elementor-element-5f94f0f9 e-con-full e-flex e-con e-parent\" data-id=\"5f94f0f9\" data-element_type=\"container\" data-e-type=\"container\">\n\t\t<div class=\"elementor-element elementor-element-213df090 e-con-full e-flex e-con e-child\" data-id=\"213df090\" data-element_type=\"container\" data-e-type=\"container\">\n\t\t\t\t<div class=\"elementor-element elementor-element-7aee4df3 elementor-widget elementor-widget-image\" data-id=\"7aee4df3\" data-element_type=\"widget\" data-e-type=\"widget\" data-widget_type=\"image.default\">\n\t\t\t\t\t\t\t\t\t\t\t\t\t\t\t<img decoding=\"async\" width=\"300\" height=\"73\" src=\"https:\/\/egmcodonyers.com\/wp-content\/uploads\/2026\/02\/logo_whiteAll_TR-300x73.png\" class=\"attachment-medium size-medium wp-image-392\" alt=\"\" srcset=\"https:\/\/egmcodonyers.com\/wp-content\/uploads\/2026\/02\/logo_whiteAll_TR-300x73.png 300w, https:\/\/egmcodonyers.com\/wp-content\/uploads\/2026\/02\/logo_whiteAll_TR-1024x249.png 1024w, https:\/\/egmcodonyers.com\/wp-content\/uploads\/2026\/02\/logo_whiteAll_TR-768x187.png 768w, https:\/\/egmcodonyers.com\/wp-content\/uploads\/2026\/02\/logo_whiteAll_TR-1536x374.png 1536w, https:\/\/egmcodonyers.com\/wp-content\/uploads\/2026\/02\/logo_whiteAll_TR-18x4.png 18w, https:\/\/egmcodonyers.com\/wp-content\/uploads\/2026\/02\/logo_whiteAll_TR.png 1788w\" sizes=\"(max-width: 300px) 100vw, 300px\" \/>\t\t\t\t\t\t\t\t\t\t\t\t\t\t\t<\/div>\n\t\t\t\t<div class=\"elementor-element elementor-element-403bdd2e elementor-widget elementor-widget-text-editor\" data-id=\"403bdd2e\" data-element_type=\"widget\" data-e-type=\"widget\" data-widget_type=\"text-editor.default\">\n\t\t\t\t\t\t\t\t\t<p>Pol\u00edgon Canyada de Codonyers<\/p>\n<p>46220 Picassent (Valencia)<\/p>\t\t\t\t\t\t\t\t<\/div>\n\t\t\t\t<\/div>\n\t\t<div class=\"elementor-element elementor-element-2012da20 e-con-full e-flex e-con e-child\" data-id=\"2012da20\" data-element_type=\"container\" data-e-type=\"container\">\n\t\t<div class=\"elementor-element elementor-element-269d7e6c e-con-full e-flex e-con e-child\" data-id=\"269d7e6c\" data-element_type=\"container\" data-e-type=\"container\">\n\t\t\t\t<div class=\"elementor-element elementor-element-7aab08eb elementor-widget elementor-widget-heading\" data-id=\"7aab08eb\" data-element_type=\"widget\" data-e-type=\"widget\" data-widget_type=\"heading.default\">\n\t\t\t\t\t<h2 class=\"elementor-heading-title elementor-size-default\">LEGAL<\/h2>\t\t\t\t<\/div>\n\t\t\t\t<div class=\"elementor-element elementor-element-556fe88f elementor-align-start elementor-list-item-link-full_width elementor-widget elementor-widget-icon-list\" data-id=\"556fe88f\" data-element_type=\"widget\" data-e-type=\"widget\" data-widget_type=\"icon-list.default\">\n\t\t\t\t\t\t\t<ul class=\"elementor-icon-list-items\">\n\t\t\t\t\t\t\t<li class=\"elementor-icon-list-item\">\n\t\t\t\t\t\t\t\t\t\t\t<a href=\"https:\/\/egmcodonyers.com\/va\/aviso-legal\/\">\n\n\t\t\t\t\t\t\t\t\t\t\t<span class=\"elementor-icon-list-text\">Av\u00eds Legal<\/span>\n\t\t\t\t\t\t\t\t\t\t\t<\/a>\n\t\t\t\t\t\t\t\t\t<\/li>\n\t\t\t\t\t\t\t\t<li class=\"elementor-icon-list-item\">\n\t\t\t\t\t\t\t\t\t\t\t<a href=\"https:\/\/egmcodonyers.com\/va\/politica-de-cookies\/\">\n\n\t\t\t\t\t\t\t\t\t\t\t<span class=\"elementor-icon-list-text\">Pol\u00edtica de Cookies<\/span>\n\t\t\t\t\t\t\t\t\t\t\t<\/a>\n\t\t\t\t\t\t\t\t\t<\/li>\n\t\t\t\t\t\t\t\t<li class=\"elementor-icon-list-item\">\n\t\t\t\t\t\t\t\t\t\t\t<a href=\"https:\/\/egmcodonyers.com\/va\/politica-de-privacidad\/\">\n\n\t\t\t\t\t\t\t\t\t\t\t<span class=\"elementor-icon-list-text\">Pol\u00edtica de Privacitat<\/span>\n\t\t\t\t\t\t\t\t\t\t\t<\/a>\n\t\t\t\t\t\t\t\t\t<\/li>\n\t\t\t\t\t\t\t\t<li class=\"elementor-icon-list-item\">\n\t\t\t\t\t\t\t\t\t\t\t<a href=\"https:\/\/egmcodonyers.com\/va\/politica-de-proteccion-de-datos\/\">\n\n\t\t\t\t\t\t\t\t\t\t\t<span class=\"elementor-icon-list-text\">Pol\u00edtica de Protecci\u00f3 de Dades<\/span>\n\t\t\t\t\t\t\t\t\t\t\t<\/a>\n\t\t\t\t\t\t\t\t\t<\/li>\n\t\t\t\t\t\t<\/ul>\n\t\t\t\t\t\t<\/div>\n\t\t\t\t<\/div>\n\t\t\t\t<\/div>\n\t\t<div class=\"elementor-element elementor-element-419c5460 e-con-full e-flex e-con e-child\" data-id=\"419c5460\" data-element_type=\"container\" data-e-type=\"container\">\n\t\t\t\t<div class=\"elementor-element elementor-element-119f2bb6 elementor-widget elementor-widget-heading\" data-id=\"119f2bb6\" data-element_type=\"widget\" data-e-type=\"widget\" data-widget_type=\"heading.default\">\n\t\t\t\t\t<p class=\"elementor-heading-title elementor-size-default\"><a href=\"https:\/\/yottadesarrollos.com\/\" target=\"_blank\" rel=\"nofollow\">\u00a92026 desenrotllat per Yotta Desenrotllaments Tecnol\u00f2gics S.L.\n<\/a><\/p>\t\t\t\t<\/div>\n\t\t\t\t<\/div>\n\t\t\t\t<\/div>\n\t\t\t\t<\/div>","protected":false},"excerpt":{"rendered":"<p>POL\u00cdTICA DE PRIVACIDAD Informaci\u00f3n en cumplimiento de la normativa de protecci\u00f3n de datos personales. En Europa y en Espa\u00f1a existen normas de protecci\u00f3n de datos dise\u00f1adas para proteger su informaci\u00f3n personal de obligado cumplimiento para nuestra entidad. Por ello, es muy importante para nosotros que entienda perfectamente qu\u00e9 haremos con los datos personales que le [&hellip;]<\/p>\n","protected":false},"author":1,"featured_media":0,"parent":0,"menu_order":0,"comment_status":"closed","ping_status":"closed","template":"","meta":{"footnotes":""},"class_list":["post-212","page","type-page","status-publish","hentry"],"_links":{"self":[{"href":"https:\/\/egmcodonyers.com\/va\/wp-json\/wp\/v2\/pages\/212","targetHints":{"allow":["GET"]}}],"collection":[{"href":"https:\/\/egmcodonyers.com\/va\/wp-json\/wp\/v2\/pages"}],"about":[{"href":"https:\/\/egmcodonyers.com\/va\/wp-json\/wp\/v2\/types\/page"}],"author":[{"embeddable":true,"href":"https:\/\/egmcodonyers.com\/va\/wp-json\/wp\/v2\/users\/1"}],"replies":[{"embeddable":true,"href":"https:\/\/egmcodonyers.com\/va\/wp-json\/wp\/v2\/comments?post=212"}],"version-history":[{"count":22,"href":"https:\/\/egmcodonyers.com\/va\/wp-json\/wp\/v2\/pages\/212\/revisions"}],"predecessor-version":[{"id":435,"href":"https:\/\/egmcodonyers.com\/va\/wp-json\/wp\/v2\/pages\/212\/revisions\/435"}],"wp:attachment":[{"href":"https:\/\/egmcodonyers.com\/va\/wp-json\/wp\/v2\/media?parent=212"}],"curies":[{"name":"wp","href":"https:\/\/api.w.org\/{rel}","templated":true}]}}